{"id":987737,"date":"2025-12-22T00:31:56","date_gmt":"2025-12-22T00:31:56","guid":{"rendered":"https:\/\/procrestafrica.com\/?page_id=987737"},"modified":"2026-01-06T18:00:08","modified_gmt":"2026-01-06T18:00:08","slug":"range-of-action","status":"publish","type":"page","link":"https:\/\/procrestafrica.com\/fr\/range-of-action\/","title":{"rendered":"Champ d'action"},"content":{"rendered":"<div data-elementor-type=\"wp-page\" data-elementor-id=\"987737\" class=\"elementor elementor-987737\" data-elementor-post-type=\"page\">\n\t\t\t\t\t\t<section class=\"elementor-section elementor-top-section elementor-element elementor-element-50582fc elementor-section-boxed elementor-section-height-default elementor-section-height-default\" data-id=\"50582fc\" data-element_type=\"section\" data-e-type=\"section\" data-settings=\"{&quot;background_background&quot;:&quot;classic&quot;}\">\n\t\t\t\t\t\t\t<div class=\"elementor-background-overlay\"><\/div>\n\t\t\t\t\t\t\t<div class=\"elementor-container elementor-column-gap-no\">\n\t\t\t\t\t<div class=\"elementor-column elementor-col-50 elementor-top-column elementor-element elementor-element-051d7f9\" data-id=\"051d7f9\" data-element_type=\"column\" data-e-type=\"column\">\n\t\t\t<div class=\"elementor-widget-wrap elementor-element-populated\">\n\t\t\t\t\t\t<div class=\"elementor-element elementor-element-0c9142b elementor-position-inline-end elementor-widget__width-auto elementor-mobile-position-inline-end elementor-widget-mobile__width-auto elementor-view-default elementor-invisible elementor-widget elementor-widget-icon-box\" data-id=\"0c9142b\" data-element_type=\"widget\" data-e-type=\"widget\" data-settings=\"{&quot;_animation&quot;:&quot;slideInUp&quot;,&quot;_animation_tablet&quot;:&quot;none&quot;}\" data-widget_type=\"icon-box.default\">\n\t\t\t\t<div class=\"elementor-widget-container\">\n\t\t\t\t\t\t\t<div class=\"elementor-icon-box-wrapper\">\n\n\t\t\t\t\t\t<div class=\"elementor-icon-box-icon\">\n\t\t\t\t<span  class=\"elementor-icon\">\n\t\t\t\t<i aria-hidden=\"true\" class=\"vamtamtheme- vamtam-theme-line-titles\"><\/i>\t\t\t\t<\/span>\n\t\t\t<\/div>\n\t\t\t\n\t\t\t\t\t\t<div class=\"elementor-icon-box-content\">\n\n\t\t\t\t\t\t\t\t\t<span class=\"elementor-icon-box-title\">\n\t\t\t\t\t\t<span  >\n\t\t\t\t\t\t\tPort\u00e9e op\u00e9rationnelle\t\t\t\t\t\t<\/span>\n\t\t\t\t\t<\/span>\n\t\t\t\t\n\t\t\t\t\n\t\t\t<\/div>\n\t\t\t\n\t\t<\/div>\n\t\t\t\t\t\t<\/div>\n\t\t\t\t<\/div>\n\t\t\t\t\t<\/div>\n\t\t<\/div>\n\t\t\t\t<div class=\"elementor-column elementor-col-50 elementor-top-column elementor-element elementor-element-f75dbc0\" data-id=\"f75dbc0\" data-element_type=\"column\" data-e-type=\"column\">\n\t\t\t<div class=\"elementor-widget-wrap elementor-element-populated\">\n\t\t\t\t\t\t<div class=\"elementor-element elementor-element-67b1ecd elementor-widget elementor-widget-text-editor\" data-id=\"67b1ecd\" data-element_type=\"widget\" data-e-type=\"widget\" data-widget_type=\"text-editor.default\">\n\t\t\t\t<div class=\"elementor-widget-container\">\n\t\t\t\t\t\t\t\t\tProcrest Africa op\u00e8re dans divers environnements miniers et \u00e0 diff\u00e9rentes \u00e9tapes de projets, assurant une ex\u00e9cution rigoureuse dans des conditions op\u00e9rationnelles et r\u00e9glementaires complexes.\t\t\t\t\t\t\t\t<\/div>\n\t\t\t\t<\/div>\n\t\t\t\t\t<\/div>\n\t\t<\/div>\n\t\t\t\t\t<\/div>\n\t\t<\/section>\n\t\t\t\t<section class=\"elementor-section elementor-top-section elementor-element elementor-element-5615a9e elementor-section-boxed elementor-section-height-default elementor-section-height-default\" data-id=\"5615a9e\" data-element_type=\"section\" data-e-type=\"section\" data-settings=\"{&quot;background_background&quot;:&quot;classic&quot;}\">\n\t\t\t\t\t\t<div class=\"elementor-container elementor-column-gap-no\">\n\t\t\t\t\t<div class=\"elementor-column elementor-col-50 elementor-top-column elementor-element elementor-element-754718c\" data-id=\"754718c\" data-element_type=\"column\" data-e-type=\"column\">\n\t\t\t<div class=\"elementor-widget-wrap elementor-element-populated\">\n\t\t\t\t\t\t<div class=\"elementor-element elementor-element-c4c6d9c elementor-widget elementor-widget-image\" data-id=\"c4c6d9c\" data-element_type=\"widget\" data-e-type=\"widget\" data-widget_type=\"image.default\">\n\t\t\t\t<div class=\"elementor-widget-container\">\n\t\t\t\t\t\t\t\t\t\t\t\t\t\t\t<img fetchpriority=\"high\" decoding=\"async\" width=\"524\" height=\"760\" src=\"https:\/\/procrestafrica.com\/wp-content\/uploads\/2026\/01\/hm.jpg\" class=\"attachment-full size-full wp-image-987989\" alt=\"\" \/>\t\t\t\t\t\t\t\t\t\t\t\t\t\t\t<\/div>\n\t\t\t\t<\/div>\n\t\t\t\t<div class=\"elementor-element elementor-element-3c939b1 elementor-widget elementor-widget-image\" data-id=\"3c939b1\" data-element_type=\"widget\" data-e-type=\"widget\" data-widget_type=\"image.default\">\n\t\t\t\t<div class=\"elementor-widget-container\">\n\t\t\t\t\t\t\t\t\t\t\t\t\t\t\t<img decoding=\"async\" width=\"560\" height=\"560\" src=\"https:\/\/procrestafrica.com\/wp-content\/uploads\/2026\/01\/ra.jpg\" class=\"attachment-full size-full wp-image-988004\" alt=\"\" \/>\t\t\t\t\t\t\t\t\t\t\t\t\t\t\t<\/div>\n\t\t\t\t<\/div>\n\t\t\t\t\t<\/div>\n\t\t<\/div>\n\t\t\t\t<div class=\"elementor-column elementor-col-50 elementor-top-column elementor-element elementor-element-fcc80a0\" data-id=\"fcc80a0\" data-element_type=\"column\" data-e-type=\"column\">\n\t\t\t<div class=\"elementor-widget-wrap elementor-element-populated\">\n\t\t\t\t\t\t<div class=\"elementor-element elementor-element-d55a062 elementor-position-inline-end elementor-widget__width-auto elementor-mobile-position-inline-end elementor-view-default elementor-invisible elementor-widget elementor-widget-icon-box\" data-id=\"d55a062\" data-element_type=\"widget\" data-e-type=\"widget\" data-settings=\"{&quot;_animation&quot;:&quot;slideInUp&quot;,&quot;_animation_tablet&quot;:&quot;none&quot;}\" data-widget_type=\"icon-box.default\">\n\t\t\t\t<div class=\"elementor-widget-container\">\n\t\t\t\t\t\t\t<div class=\"elementor-icon-box-wrapper\">\n\n\t\t\t\t\t\t<div class=\"elementor-icon-box-icon\">\n\t\t\t\t<span  class=\"elementor-icon\">\n\t\t\t\t<i aria-hidden=\"true\" class=\"vamtamtheme- vamtam-theme-line-titles\"><\/i>\t\t\t\t<\/span>\n\t\t\t<\/div>\n\t\t\t\n\t\t\t\t\t\t<div class=\"elementor-icon-box-content\">\n\n\t\t\t\t\t\t\t\t\t<span class=\"elementor-icon-box-title\">\n\t\t\t\t\t\t<span  >\n\t\t\t\t\t\t\tPort\u00e9e op\u00e9rationnelle\t\t\t\t\t\t<\/span>\n\t\t\t\t\t<\/span>\n\t\t\t\t\n\t\t\t\t\n\t\t\t<\/div>\n\t\t\t\n\t\t<\/div>\n\t\t\t\t\t\t<\/div>\n\t\t\t\t<\/div>\n\t\t\t\t<div class=\"elementor-element elementor-element-21c3ac1 elementor-widget elementor-widget-heading\" data-id=\"21c3ac1\" data-element_type=\"widget\" data-e-type=\"widget\" data-widget_type=\"heading.default\">\n\t\t\t\t<div class=\"elementor-widget-container\">\n\t\t\t\t\t<h2 class=\"elementor-heading-title elementor-size-default\">Notre champ d'action<\/h2>\t\t\t\t<\/div>\n\t\t\t\t<\/div>\n\t\t\t\t<div class=\"elementor-element elementor-element-3f8e399 elementor-widget elementor-widget-text-editor\" data-id=\"3f8e399\" data-element_type=\"widget\" data-e-type=\"widget\" data-widget_type=\"text-editor.default\">\n\t\t\t\t<div class=\"elementor-widget-container\">\n\t\t\t\t\t\t\t\t\t<p data-start=\"254\" data-end=\"454\">Chaque projet minier pr\u00e9sente des caract\u00e9ristiques propres au terrain, aux contraintes op\u00e9rationnelles et au profil de risque. Procrest Africa aborde chaque mission avec une analyse rigoureuse et une approche r\u00e9solument ax\u00e9e sur l'ex\u00e9cution.<\/p><p data-start=\"456\" data-end=\"659\">Nous \u00e9valuons en d\u00e9tail les conditions du site, les exigences du projet et les objectifs de performance, ce qui nous permet de d\u00e9ployer des solutions techniquement fiables, pratiques et adapt\u00e9es aux environnements op\u00e9rationnels r\u00e9els.<\/p><p data-start=\"661\" data-end=\"818\">Notre champ d'action couvre de multiples phases de projet et sites \u00e0 travers l'Afrique de l'Ouest, s'appuyant sur des syst\u00e8mes coh\u00e9rents, des normes de s\u00e9curit\u00e9 rigoureuses et des contr\u00f4les de livraison efficaces.<\/p><p data-start=\"820\" data-end=\"1017\">Nous op\u00e9rons efficacement dans des conditions exigeantes, notamment dans les environnements miniers souterrains, sur les sites de production actifs, dans les zones recul\u00e9es et sur les projets soumis \u00e0 un contr\u00f4le strict en mati\u00e8re de s\u00e9curit\u00e9 et de r\u00e9glementation.<\/p><p data-start=\"1019\" data-end=\"1189\">Nos \u00e9quipes multidisciplinaires travaillent en \u00e9troite collaboration avec les clients sur site, en appliquant rigueur technique, discipline op\u00e9rationnelle et une forte culture de s\u00e9curit\u00e9 pour obtenir des r\u00e9sultats fiables.<\/p><p data-start=\"1191\" data-end=\"1385\">Pour tous nos projets, notre approche reste la m\u00eame\u00a0: une planification rigoureuse, une ex\u00e9cution ma\u00eetris\u00e9e et une collaboration \u00e9troite afin d\u2019obtenir des r\u00e9sultats qui r\u00e9sistent \u00e0 l\u2019examen op\u00e9rationnel et r\u00e9glementaire.<\/p>\t\t\t\t\t\t\t\t<\/div>\n\t\t\t\t<\/div>\n\t\t\t\t\t<\/div>\n\t\t<\/div>\n\t\t\t\t\t<\/div>\n\t\t<\/section>\n\t\t\t\t<\/div>","protected":false},"excerpt":{"rendered":"<p>Operational Scope Procrest Africa operates across diverse mining environments and project stages, delivering disciplined execution under complex operational and regulatory conditions. Operational Scope Our Range of Action Every mining project presents its own ground conditions, operational constraints, and risk profile. Procrest Africa approaches each assignment with disciplined analysis and a clear focus on execution. We&#8230;<\/p>","protected":false},"author":1,"featured_media":0,"parent":0,"menu_order":0,"comment_status":"closed","ping_status":"closed","template":"","meta":{"footnotes":""},"class_list":["post-987737","page","type-page","status-publish","hentry"],"_links":{"self":[{"href":"https:\/\/procrestafrica.com\/fr\/wp-json\/wp\/v2\/pages\/987737","targetHints":{"allow":["GET"]}}],"collection":[{"href":"https:\/\/procrestafrica.com\/fr\/wp-json\/wp\/v2\/pages"}],"about":[{"href":"https:\/\/procrestafrica.com\/fr\/wp-json\/wp\/v2\/types\/page"}],"author":[{"embeddable":true,"href":"https:\/\/procrestafrica.com\/fr\/wp-json\/wp\/v2\/users\/1"}],"replies":[{"embeddable":true,"href":"https:\/\/procrestafrica.com\/fr\/wp-json\/wp\/v2\/comments?post=987737"}],"version-history":[{"count":10,"href":"https:\/\/procrestafrica.com\/fr\/wp-json\/wp\/v2\/pages\/987737\/revisions"}],"predecessor-version":[{"id":988075,"href":"https:\/\/procrestafrica.com\/fr\/wp-json\/wp\/v2\/pages\/987737\/revisions\/988075"}],"wp:attachment":[{"href":"https:\/\/procrestafrica.com\/fr\/wp-json\/wp\/v2\/media?parent=987737"}],"curies":[{"name":"wp","href":"https:\/\/api.w.org\/{rel}","templated":true}]}}