{"id":987758,"date":"2025-12-22T09:43:10","date_gmt":"2025-12-22T09:43:10","guid":{"rendered":"https:\/\/procrestafrica.com\/?page_id=987758"},"modified":"2026-01-06T16:24:40","modified_gmt":"2026-01-06T16:24:40","slug":"our-partner","status":"publish","type":"page","link":"https:\/\/procrestafrica.com\/fr\/our-partner\/","title":{"rendered":"Notre partenaire"},"content":{"rendered":"<div data-elementor-type=\"wp-page\" data-elementor-id=\"987758\" class=\"elementor elementor-987758\" data-elementor-post-type=\"page\">\n\t\t\t\t\t\t<section class=\"elementor-section elementor-top-section elementor-element elementor-element-50582fc elementor-section-boxed elementor-section-height-default elementor-section-height-default\" data-id=\"50582fc\" data-element_type=\"section\" data-e-type=\"section\" data-settings=\"{&quot;background_background&quot;:&quot;classic&quot;}\">\n\t\t\t\t\t\t\t<div class=\"elementor-background-overlay\"><\/div>\n\t\t\t\t\t\t\t<div class=\"elementor-container elementor-column-gap-no\">\n\t\t\t\t\t<div class=\"elementor-column elementor-col-50 elementor-top-column elementor-element elementor-element-051d7f9\" data-id=\"051d7f9\" data-element_type=\"column\" data-e-type=\"column\">\n\t\t\t<div class=\"elementor-widget-wrap elementor-element-populated\">\n\t\t\t\t\t\t<div class=\"elementor-element elementor-element-0c9142b elementor-position-inline-end elementor-widget__width-auto elementor-mobile-position-inline-end elementor-widget-mobile__width-auto elementor-view-default elementor-invisible elementor-widget elementor-widget-icon-box\" data-id=\"0c9142b\" data-element_type=\"widget\" data-e-type=\"widget\" data-settings=\"{&quot;_animation&quot;:&quot;slideInUp&quot;,&quot;_animation_tablet&quot;:&quot;none&quot;}\" data-widget_type=\"icon-box.default\">\n\t\t\t\t<div class=\"elementor-widget-container\">\n\t\t\t\t\t\t\t<div class=\"elementor-icon-box-wrapper\">\n\n\t\t\t\t\t\t<div class=\"elementor-icon-box-icon\">\n\t\t\t\t<span  class=\"elementor-icon\">\n\t\t\t\t<i aria-hidden=\"true\" class=\"vamtamtheme- vamtam-theme-line-titles\"><\/i>\t\t\t\t<\/span>\n\t\t\t<\/div>\n\t\t\t\n\t\t\t\t\t\t<div class=\"elementor-icon-box-content\">\n\n\t\t\t\t\t\t\t\t\t<span class=\"elementor-icon-box-title\">\n\t\t\t\t\t\t<span  >\n\t\t\t\t\t\t\tCMAC-THYSSEN\t\t\t\t\t\t<\/span>\n\t\t\t\t\t<\/span>\n\t\t\t\t\n\t\t\t\t\n\t\t\t<\/div>\n\t\t\t\n\t\t<\/div>\n\t\t\t\t\t\t<\/div>\n\t\t\t\t<\/div>\n\t\t\t\t\t<\/div>\n\t\t<\/div>\n\t\t\t\t<div class=\"elementor-column elementor-col-50 elementor-top-column elementor-element elementor-element-f75dbc0\" data-id=\"f75dbc0\" data-element_type=\"column\" data-e-type=\"column\">\n\t\t\t<div class=\"elementor-widget-wrap elementor-element-populated\">\n\t\t\t\t\t\t<div class=\"elementor-element elementor-element-67b1ecd elementor-widget elementor-widget-text-editor\" data-id=\"67b1ecd\" data-element_type=\"widget\" data-e-type=\"widget\" data-widget_type=\"text-editor.default\">\n\t\t\t\t<div class=\"elementor-widget-container\">\n\t\t\t\t\t\t\t\t\t<p>Des petites r\u00e9novations aux projets complexes de plusieurs milliards de dollars ; de la construction modulaire, aux technologies num\u00e9riques avanc\u00e9es, en passant par la durabilit\u00e9 de pointe, Konstruktion r\u00e9pond \u00e0 tous vos besoins.<\/p>\t\t\t\t\t\t\t\t<\/div>\n\t\t\t\t<\/div>\n\t\t\t\t\t<\/div>\n\t\t<\/div>\n\t\t\t\t\t<\/div>\n\t\t<\/section>\n\t\t\t\t<section class=\"elementor-section elementor-top-section elementor-element elementor-element-5615a9e elementor-section-boxed elementor-section-height-default elementor-section-height-default\" data-id=\"5615a9e\" data-element_type=\"section\" data-e-type=\"section\" data-settings=\"{&quot;background_background&quot;:&quot;classic&quot;}\">\n\t\t\t\t\t\t<div class=\"elementor-container elementor-column-gap-no\">\n\t\t\t\t\t<div class=\"elementor-column elementor-col-50 elementor-top-column elementor-element elementor-element-754718c\" data-id=\"754718c\" data-element_type=\"column\" data-e-type=\"column\" data-settings=\"{&quot;background_background&quot;:&quot;classic&quot;}\">\n\t\t\t<div class=\"elementor-widget-wrap\">\n\t\t\t\t\t\t\t<\/div>\n\t\t<\/div>\n\t\t\t\t<div class=\"elementor-column elementor-col-50 elementor-top-column elementor-element elementor-element-fcc80a0\" data-id=\"fcc80a0\" data-element_type=\"column\" data-e-type=\"column\">\n\t\t\t<div class=\"elementor-widget-wrap elementor-element-populated\">\n\t\t\t\t\t\t<div class=\"elementor-element elementor-element-d55a062 elementor-position-inline-end elementor-widget__width-auto elementor-mobile-position-inline-end elementor-view-default elementor-invisible elementor-widget elementor-widget-icon-box\" data-id=\"d55a062\" data-element_type=\"widget\" data-e-type=\"widget\" data-settings=\"{&quot;_animation&quot;:&quot;slideInUp&quot;,&quot;_animation_tablet&quot;:&quot;none&quot;}\" data-widget_type=\"icon-box.default\">\n\t\t\t\t<div class=\"elementor-widget-container\">\n\t\t\t\t\t\t\t<div class=\"elementor-icon-box-wrapper\">\n\n\t\t\t\t\t\t<div class=\"elementor-icon-box-icon\">\n\t\t\t\t<span  class=\"elementor-icon\">\n\t\t\t\t<i aria-hidden=\"true\" class=\"vamtamtheme- vamtam-theme-line-titles\"><\/i>\t\t\t\t<\/span>\n\t\t\t<\/div>\n\t\t\t\n\t\t\t\t\t\t<div class=\"elementor-icon-box-content\">\n\n\t\t\t\t\t\t\t\t\t<span class=\"elementor-icon-box-title\">\n\t\t\t\t\t\t<span  >\n\t\t\t\t\t\t\tNotre partenaire\t\t\t\t\t\t<\/span>\n\t\t\t\t\t<\/span>\n\t\t\t\t\n\t\t\t\t\n\t\t\t<\/div>\n\t\t\t\n\t\t<\/div>\n\t\t\t\t\t\t<\/div>\n\t\t\t\t<\/div>\n\t\t\t\t<div class=\"elementor-element elementor-element-21c3ac1 elementor-widget elementor-widget-heading\" data-id=\"21c3ac1\" data-element_type=\"widget\" data-e-type=\"widget\" data-widget_type=\"heading.default\">\n\t\t\t\t<div class=\"elementor-widget-container\">\n\t\t\t\t\t<h2 class=\"elementor-heading-title elementor-size-default\">CMAC-THYSSEN<\/h2>\t\t\t\t<\/div>\n\t\t\t\t<\/div>\n\t\t\t\t<div class=\"elementor-element elementor-element-3f8e399 elementor-widget__width-initial elementor-widget elementor-widget-text-editor\" data-id=\"3f8e399\" data-element_type=\"widget\" data-e-type=\"widget\" data-widget_type=\"text-editor.default\">\n\t\t\t\t<div class=\"elementor-widget-container\">\n\t\t\t\t\t\t\t\t\t<div class=\"intro-enonce\">Le groupe minier CMAC-THYSSEN est un entrepreneur et fournisseur d'\u00e9quipements miniers offrant une gamme compl\u00e8te de services int\u00e9gr\u00e9s. Il a r\u00e9alis\u00e9 de nombreux contrats pour des entreprises mini\u00e8res et de construction \u00e0 travers le monde. Gr\u00e2ce \u00e0 ses programmes de formation uniques, ses \u00e9quipements m\u00e9canis\u00e9s, ses partenariats solides et ses innovations, le groupe minier CMAC-THYSSEN contribue \u00e0 rendre le m\u00e9tier minier plus accessible.<\/div>\t\t\t\t\t\t\t\t<\/div>\n\t\t\t\t<\/div>\n\t\t\t\t\t<\/div>\n\t\t<\/div>\n\t\t\t\t\t<\/div>\n\t\t<\/section>\n\t\t\t\t<\/div>","protected":false},"excerpt":{"rendered":"<p>CMAC-THYSSEN From small renovations to complex billion dollar projects; from modular construction, to advanced digital technologies, to cutting-edge sustainability, Konstruktion has you covered. Our Partner CMAC-THYSSEN CMAC-THYSSEN Mining Group is a mining contractor and equipment supplier offering a wide range of totally integrated services that has completed a large number of contracts for mining and&#8230;<\/p>","protected":false},"author":1,"featured_media":0,"parent":0,"menu_order":0,"comment_status":"closed","ping_status":"closed","template":"","meta":{"footnotes":""},"class_list":["post-987758","page","type-page","status-publish","hentry"],"_links":{"self":[{"href":"https:\/\/procrestafrica.com\/fr\/wp-json\/wp\/v2\/pages\/987758","targetHints":{"allow":["GET"]}}],"collection":[{"href":"https:\/\/procrestafrica.com\/fr\/wp-json\/wp\/v2\/pages"}],"about":[{"href":"https:\/\/procrestafrica.com\/fr\/wp-json\/wp\/v2\/types\/page"}],"author":[{"embeddable":true,"href":"https:\/\/procrestafrica.com\/fr\/wp-json\/wp\/v2\/users\/1"}],"replies":[{"embeddable":true,"href":"https:\/\/procrestafrica.com\/fr\/wp-json\/wp\/v2\/comments?post=987758"}],"version-history":[{"count":13,"href":"https:\/\/procrestafrica.com\/fr\/wp-json\/wp\/v2\/pages\/987758\/revisions"}],"predecessor-version":[{"id":988019,"href":"https:\/\/procrestafrica.com\/fr\/wp-json\/wp\/v2\/pages\/987758\/revisions\/988019"}],"wp:attachment":[{"href":"https:\/\/procrestafrica.com\/fr\/wp-json\/wp\/v2\/media?parent=987758"}],"curies":[{"name":"wp","href":"https:\/\/api.w.org\/{rel}","templated":true}]}}